{"id":187,"date":"2023-01-15T15:12:37","date_gmt":"2023-01-15T15:12:37","guid":{"rendered":"https:\/\/instapaid.io\/terms-conditions\/"},"modified":"2026-03-11T14:29:14","modified_gmt":"2026-03-11T13:29:14","slug":"terms-conditions","status":"publish","type":"page","link":"https:\/\/instapaid.io\/da\/terms-conditions\/","title":{"rendered":"Terms &#038; Conditions"},"content":{"rendered":"\t\t<div data-elementor-type=\"wp-page\" data-elementor-id=\"187\" class=\"elementor elementor-187\" data-elementor-post-type=\"page\">\n\t\t\t\t<div class=\"elementor-element elementor-element-45119c3 e-con-full e-flex e-con e-parent\" data-id=\"45119c3\" data-element_type=\"container\" data-e-type=\"container\" data-settings=\"{&quot;background_background&quot;:&quot;classic&quot;}\">\n\t\t<div class=\"elementor-element elementor-element-1743e72 e-flex e-con-boxed e-con e-child\" data-id=\"1743e72\" data-element_type=\"container\" data-e-type=\"container\">\n\t\t\t\t\t<div class=\"e-con-inner\">\n\t\t\t\t<div class=\"elementor-element elementor-element-4bd8414 elementor-widget elementor-widget-heading\" data-id=\"4bd8414\" data-element_type=\"widget\" data-e-type=\"widget\" data-no-translation=\"\" data-widget_type=\"heading.default\">\n\t\t\t\t<div class=\"elementor-widget-container\">\n\t\t\t\t\t<h1 class=\"elementor-heading-title elementor-size-default\">Vilk\u00e5r og betingelser<\/h1>\t\t\t\t<\/div>\n\t\t\t\t<\/div>\n\t\t\t\t<div class=\"elementor-element elementor-element-c5c1d14 elementor-widget elementor-widget-heading\" data-id=\"c5c1d14\" data-element_type=\"widget\" data-e-type=\"widget\" data-no-translation=\"\" data-widget_type=\"heading.default\">\n\t\t\t\t<div class=\"elementor-widget-container\">\n\t\t\t\t\t<style>.elementor-element-c5c1d14{display:none !important}<\/style>\t\t\t\t<\/div>\n\t\t\t\t<\/div>\n\t\t\t\t\t<\/div>\n\t\t\t\t<\/div>\n\t\t\t\t<\/div>\n\t\t\t\t<section class=\"elementor-section elementor-top-section elementor-element elementor-element-61161542 elementor-section-content-top elementor-section-boxed elementor-section-height-default elementor-section-height-default\" data-id=\"61161542\" data-element_type=\"section\" data-e-type=\"section\">\n\t\t\t\t\t\t<div class=\"elementor-container elementor-column-gap-default\">\n\t\t\t\t\t<div class=\"elementor-column elementor-col-100 elementor-top-column elementor-element elementor-element-27f6f850\" data-id=\"27f6f850\" data-element_type=\"column\" data-e-type=\"column\">\n\t\t\t<div class=\"elementor-widget-wrap elementor-element-populated\">\n\t\t\t\t\t\t<div class=\"elementor-element elementor-element-5034f55c elementor-widget elementor-widget-text-editor\" data-id=\"5034f55c\" data-element_type=\"widget\" data-e-type=\"widget\" data-no-translation=\"\" data-widget_type=\"text-editor.default\">\n\t\t\t\t<div class=\"elementor-widget-container\">\n\t\t\t\t\t<style>.elementor-element-5034f55c{display:none !important}<\/style>\t\t\t\t<\/div>\n\t\t\t\t<\/div>\n\t\t\t\t<div class=\"elementor-element elementor-element-7b8dd0c elementor-widget elementor-widget-text-editor\" data-id=\"7b8dd0c\" data-element_type=\"widget\" data-e-type=\"widget\" data-no-translation=\"\" data-widget_type=\"text-editor.default\">\n\t\t\t\t<div class=\"elementor-widget-container\">\n\t\t\t\t\t\t\t\t\t<p class=\"p1\">Senest opdateret: 1. august 2025<\/p>\n<p class=\"p1\">Velkommen til InstaPaid! Disse vilk\u00e5r og betingelser regulerer din brug af vores tjenester for adgang til optjent l\u00f8n. Ved at bruge vores tjenester accepterer du disse vilk\u00e5r og betingelser.<\/p>\n\n<h4>Anvendelse &amp; introduktion<\/h4>\n<p class=\"p1\">Vilk\u00e5r og betingelser g\u00e6lder for al brug i forbindelse med anvendelsen af platformen leveret af <span class=\"s1\">InstaPaid ApS, CVR-nummer:<\/span> 43769359 (herefter ben\u00e6vnt InstaPaid).<\/p>\n<p class=\"p2\">Hjemmesiden \u201cinstapaid.io\u201d og mobilapplikationen \u201cInstaPaid\u201d drives af InstaPaid. InstaPaid er en platform, der g\u00f8r det muligt for brugere straks at h\u00e6ve optjent l\u00f8n uden for den normale l\u00f8ncyklus, samt eventuelle yderligere optjente bel\u00f8b (s\u00e5som k\u00f8rsel, udgifter eller drikkepenge) afh\u00e6ngigt af arbejdsgiverens ops\u00e6tning.<\/p>\n\n<h4>Generelle vilk\u00e5r<\/h4>\n<p class=\"p1\">Adgang. Du skal v\u00e6re ansat hos en arbejdsgiver, der er berettiget til at anvende vores tjenester, for at kunne bruge dem. Du accepterer at give os korrekte og opdaterede oplysninger om dig selv.<\/p>\n<p class=\"p1\">Adgang til optjent l\u00f8n. Vores tjenester g\u00f8r det muligt for dig at f\u00e5 adgang til din optjente l\u00f8n f\u00f8r din normale l\u00f8nudbetalingsdag. Afh\u00e6ngigt af din arbejdsgivers aftale med InstaPaid kan denne tjeneste tilbydes gratis eller mod et transaktionsgebyr. Hvis der opkr\u00e6ves et gebyr, vil det blive tydeligt oplyst i InstaPaid-appen, f\u00f8r du bekr\u00e6fter en h\u00e6vning. Dette gebyr opkr\u00e6ves af og betales direkte til din arbejdsgiver og fratr\u00e6kkes din l\u00f8n.<\/p>\n<p class=\"p1\">Privatlivspolitik. Vores privatlivspolitik regulerer vores indsamling, brug og videregivelse af dine personoplysninger. Ved at bruge vores tjenester accepterer du vores privatlivspolitik.<\/p>\n<p class=\"p1\">Forbudte aktiviteter. Du accepterer ikke at bruge vores tjenester til ulovlige, svigagtige eller uautoriserede form\u00e5l. Du accepterer ogs\u00e5 ikke at forstyrre driften af vores tjenester eller f\u00e5 adgang til vores tjenester p\u00e5 en uautoriseret m\u00e5de.<\/p>\n\n<h4>Produktet<\/h4>\n<p class=\"p1\">Produktet leveret af InstaPaid g\u00f8r det muligt for medarbejdere straks at h\u00e6ve optjent og opsparet l\u00f8n uden for den normale l\u00f8ncyklus. Afh\u00e6ngigt af din arbejdsgivers ops\u00e6tning og integrerede systemer kan du ogs\u00e5 have mulighed for at h\u00e6ve optjent k\u00f8rsel, udgifter, drikkepenge eller andre till\u00e6g.<\/p>\n<p class=\"p1\">InstaPaid foretager disse udbetalinger p\u00e5 vegne af din arbejdsgiver, som fortsat er ansvarlig for at sikre, at betalingerne korrekt svarer til de arbejdstimer, der er udf\u00f8rt, samt eventuelle yderligere optjente bel\u00f8b (s\u00e5som k\u00f8rsel, udgifter eller drikkepenge).<\/p>\n<p class=\"p1\">Ved at oprette en InstaPaid-konto og foretage en h\u00e6vning giver du InstaPaid og din arbejdsgiver tilladelse til at fratr\u00e6kke alle bel\u00f8b relateret til disse h\u00e6vninger fra din n\u00e6ste l\u00f8nudbetaling.<\/p>\n<p class=\"p1\">For at sikre sikkerheden omkring betalingskrav relateret til InstaPaid-transaktioner skal du acceptere de specifikke vilk\u00e5r og betingelser, f\u00f8r du bruger vores tjenester.<\/p>\n\n<h4>Din konto<\/h4>\n<p class=\"p1\">Du skal oprette en konto for at bruge vores tjenester. Du accepterer at give os korrekte og opdaterede oplysninger om dig selv og at holde dine kontooplysninger fortrolige. Du er ansvarlig for at opretholde sikkerheden p\u00e5 din konto, herunder dine loginoplysninger.<\/p>\n<p class=\"p1\">Du accepterer straks at informere os om enhver uautoriseret brug af din konto.<\/p>\n<p class=\"p1\">Opsigelse af konto. Vi forbeholder os retten til at opsige din konto til enhver tid, med eller uden grund og med eller uden varsel. Du kan ogs\u00e5 til enhver tid opsige din konto ved at kontakte os p\u00e5 support@instapaid.com.<\/p>\n\n<h4>Sikkerhed<\/h4>\n<p class=\"p1\">Alle data, der kommunikeres mellem InstaPaid og din enhed, er krypteret.<\/p>\n<p class=\"p1\">Alle transaktioner kontrolleres automatisk mod rapporterede data <span class=\"s1\">fra din arbejdsgivers softwaresystemer<\/span> (herunder, men ikke begr\u00e6nset til l\u00f8n-, tidsregistrerings-, workforce management-, HCM-systemer og skattedata) samt foranstaltninger aftalt mellem InstaPaid og arbejdsgiveren, s\u00e5som h\u00e6vegr\u00e6nser.<\/p>\n<p class=\"p1\">Den bankkonto, der anvendes til InstaPaid-h\u00e6vninger, leveres af din arbejdsgiver. Eventuelle \u00e6ndringer eller opdateringer til denne konto skal foretages direkte gennem din arbejdsgiver.<\/p>\n<p class=\"p1\">Du anerkender og accepterer, at hverken InstaPaid eller dets medarbejdere eller andre tilknyttede parter p\u00e5 nogen m\u00e5de er ansvarlige for direkte, indirekte eller afledte tab eller skader, der m\u00e5tte opst\u00e5 i forbindelse med tredjeparts adgang til din InstaPaid-konto.<\/p>\n\n<h4 class=\"p1\">Kommunikation<\/h4>\n<p class=\"p1\">InstaPaid vil give dig vigtige opdateringer via den e-mailadresse, der er angivet i <span class=\"s1\">din konto<\/span> (f.eks. \u00e6ndringer i vilk\u00e5r og betingelser samt kvitteringer for h\u00e6vninger). InstaPaid vil ogs\u00e5 sende dig relevant information om nye funktioner, nyhedsbreve og anden direkte kommunikation, der er relevant for brugeroplevelsen. Du kan altid afmelde dig denne type kommunikation.<\/p>\n\n<h4 class=\"p1\">Rettigheder og ansvar<\/h4>\n<p class=\"p1\">InstaPaid har alle rettigheder til vores produkter og tjenester. Vi ejer alle immaterielle rettigheder til vores tjenester, herunder vores hjemmeside, mobilapplikationer og anden software, herunder hjemmesiden, applikationen og alt andet materiale p\u00e5 InstaPaids hjemmeside eller i applikationen. Dette omfatter, men er ikke begr\u00e6nset til, ophavsret, ejendomsrettigheder og varem\u00e6rkerettigheder til InstaPaids produkter og tjenester.<\/p>\n<p class=\"p1\">Vi giver dig en begr\u00e6nset, ikke-eksklusiv og ikke-overdragelig licens til at bruge vores tjenester til personlig, ikke-kommerciel brug.<\/p>\n<p class=\"p1\">Du accepterer ikke at kopiere, \u00e6ndre, distribuere eller foretage reverse engineering af vores tjenester.<\/p>\n\n<h4 class=\"p1\">Drift<\/h4>\n<p class=\"p1\">InstaPaid bestr\u00e6ber sig p\u00e5 at undg\u00e5 fejl, mangler og driftsforstyrrelser p\u00e5 hjemmesiden og i appen til enhver tid, men dette kan forekomme. InstaPaid vil fors\u00f8ge at l\u00f8se eventuelle problemer s\u00e5 hurtigt som muligt.<\/p>\n<p class=\"p1\">InstaPaid udf\u00f8rer l\u00f8bende vedligeholdelse og opdateringer p\u00e5 b\u00e5de hjemmesiden og applikationen. Under vedligeholdelse kan visse eller alle funktioner midlertidigt v\u00e6re utilg\u00e6ngelige.<\/p>\n<p class=\"p1\">InstaPaid er ikke ansvarlig over for dig i tilf\u00e6lde af fejl, mangler, funktionsfejl eller fjernelse af funktionalitet.<\/p>\n\n<h4 class=\"p1\">Opsigelse<\/h4>\n<p class=\"p1\">Hvis du ikke accepterer vilk\u00e5r og betingelser og\/eller brugsbetingelserne eller af andre grunde ikke l\u00e6ngere \u00f8nsker at bruge InstaPaid, kan du til enhver tid slette din konto. InstaPaid kan til enhver tid og uden varsel suspendere eller opsige din aftale vedr\u00f8rende brugen af InstaPaids produkt og tjeneste og om n\u00f8dvendigt slette din profil (f.eks. i tilf\u00e6lde af uacceptabel brug, fors\u00f8g p\u00e5 misbrug af andre brugeres konti, fors\u00f8g p\u00e5 adgang til andre brugeres data eller anden ulovlig eller upassende adf\u00e6rd).<\/p>\n\n<h4 class=\"p1\">Lovvalg<\/h4>\n<p class=\"p1\">Disse vilk\u00e5r og betingelser er underlagt og fortolkes i overensstemmelse med dansk ret, hvor InstaPaid er registreret, uden hensyntagen til principper om lovkonflikter.<\/p>\n\n<h4 class=\"p1\">Tvistbil\u00e6ggelse<\/h4>\n<p class=\"p1\">Enhver tvist, der udspringer af eller i forbindelse med disse vilk\u00e5r og betingelser, skal afg\u00f8res ved voldgift i overensstemmelse med reglerne for Den Europ\u00e6iske Unions voldgiftsforening.<\/p>\n\n<h4 class=\"p1\">Overs\u00e6ttelser<\/h4>\n<p class=\"p1\">Denne aftale kan overs\u00e6ttes til andre sprog for nemheds skyld. Den engelske version af aftalen er den g\u00e6ldende version. I tilf\u00e6lde af uoverensstemmelser eller konflikt mellem den engelske version og en oversat version, vil den engelske version have forrang.<\/p>\n\n<h4 class=\"p1\">\u00c6ndringer til disse vilk\u00e5r og betingelser<\/h4>\n<p class=\"p1\">Vi kan til enhver tid opdatere disse vilk\u00e5r og betingelser. Vi vil informere dig om \u00e6ndringer ved at offentligg\u00f8re de opdaterede vilk\u00e5r og betingelser p\u00e5 vores hjemmeside. Din fortsatte brug af vores tjenester efter s\u00e5danne \u00e6ndringer udg\u00f8r din accept af de nye vilk\u00e5r og betingelser.<\/p>\n<p class=\"p1\">Hvis du ikke accepterer de \u00e6ndrede vilk\u00e5r og betingelser, vil du ikke l\u00e6ngere kunne bruge hjemmesiden eller applikationen, og InstaPaid er berettiget til at slette din profil.<\/p>\t\t\t\t\t\t\t\t<\/div>\n\t\t\t\t<\/div>\n\t\t\t\t\t<\/div>\n\t\t<\/div>\n\t\t\t\t\t<\/div>\n\t\t<\/section>\n\t\t\t\t<\/div>\n\t\t","protected":false},"excerpt":{"rendered":"<p>Vilk\u00e5r og betingelser Last updated:\u00a0 1. august 2025 Welcome to InstaPaid! These Terms and Conditions govern your use of our earned wage access services. By using our services, you agree to these Terms and Conditions. Application &amp; Introduction The Terms and Conditions apply to all usage related to the application of the platform provided by\u00a0InstaPaid [&hellip;]<\/p>\n","protected":false},"author":4950,"featured_media":0,"parent":0,"menu_order":998,"comment_status":"closed","ping_status":"closed","template":"","meta":{"footnotes":""},"class_list":["post-187","page","type-page","status-publish","hentry"],"_links":{"self":[{"href":"https:\/\/instapaid.io\/da\/wp-json\/wp\/v2\/pages\/187","targetHints":{"allow":["GET"]}}],"collection":[{"href":"https:\/\/instapaid.io\/da\/wp-json\/wp\/v2\/pages"}],"about":[{"href":"https:\/\/instapaid.io\/da\/wp-json\/wp\/v2\/types\/page"}],"author":[{"embeddable":true,"href":"https:\/\/instapaid.io\/da\/wp-json\/wp\/v2\/users\/4950"}],"replies":[{"embeddable":true,"href":"https:\/\/instapaid.io\/da\/wp-json\/wp\/v2\/comments?post=187"}],"version-history":[{"count":25,"href":"https:\/\/instapaid.io\/da\/wp-json\/wp\/v2\/pages\/187\/revisions"}],"predecessor-version":[{"id":4247,"href":"https:\/\/instapaid.io\/da\/wp-json\/wp\/v2\/pages\/187\/revisions\/4247"}],"wp:attachment":[{"href":"https:\/\/instapaid.io\/da\/wp-json\/wp\/v2\/media?parent=187"}],"curies":[{"name":"wp","href":"https:\/\/api.w.org\/{rel}","templated":true}]}}