{"id":3309,"date":"2025-06-13T14:45:16","date_gmt":"2025-06-13T13:45:16","guid":{"rendered":"https:\/\/instapaid.io\/?page_id=3309"},"modified":"2025-06-13T15:17:27","modified_gmt":"2025-06-13T14:17:27","slug":"planday-dansk","status":"publish","type":"page","link":"https:\/\/instapaid.io\/en\/planday-dansk\/","title":{"rendered":"Planday Danish"},"content":{"rendered":"<div data-elementor-type=\"wp-page\" data-elementor-id=\"3309\" class=\"elementor elementor-3309\" data-elementor-post-type=\"page\">\n\t\t\t\t<div class=\"elementor-element elementor-element-542dca0 e-con-full e-flex e-con e-parent\" data-id=\"542dca0\" data-element_type=\"container\" data-e-type=\"container\" data-settings=\"{&quot;background_background&quot;:&quot;gradient&quot;}\">\n\t\t\t\t<\/div>\n\t\t<div class=\"elementor-element elementor-element-f7f71df e-flex e-con-boxed e-con e-parent\" data-id=\"f7f71df\" data-element_type=\"container\" data-e-type=\"container\">\n\t\t\t\t\t<div class=\"e-con-inner\">\n\t\t\t\t<div class=\"elementor-element elementor-element-b18414d elementor-widget elementor-widget-heading\" data-id=\"b18414d\" data-element_type=\"widget\" data-e-type=\"widget\" data-widget_type=\"heading.default\">\n\t\t\t\t<div class=\"elementor-widget-container\">\n\t\t\t\t\t<h1 class=\"elementor-heading-title elementor-size-default\">InstaPaid integration - How to get started with Planday<\/h1>\t\t\t\t<\/div>\n\t\t\t\t<\/div>\n\t\t\t\t<div class=\"elementor-element elementor-element-fea0a31 elementor-widget elementor-widget-text-editor\" data-id=\"fea0a31\" data-element_type=\"widget\" data-e-type=\"widget\" data-widget_type=\"text-editor.default\">\n\t\t\t\t<div class=\"elementor-widget-container\">\n\t\t\t\t\t\t\t\t\t<p>Read this article to connect your Planday account with InstaPaid.<\/p>\t\t\t\t\t\t\t\t<\/div>\n\t\t\t\t<\/div>\n\t\t\t\t<div class=\"elementor-element elementor-element-c2c9d0d elementor-widget elementor-widget-text-editor\" data-id=\"c2c9d0d\" data-element_type=\"widget\" data-e-type=\"widget\" data-widget_type=\"text-editor.default\">\n\t\t\t\t<div class=\"elementor-widget-container\">\n\t\t\t\t\t\t\t\t\t<p>InstaPaid is an innovative platform that gives employees instant access to their earned pay \u2013 with a single swipe. When a shift ends, the pay balance is automatically updated in the app, creating a sense of progress and increasing motivation. InstaPaid is free for employees and acts as a valuable employee benefit without adding extra administrative work to the company.<\/p>\t\t\t\t\t\t\t\t<\/div>\n\t\t\t\t<\/div>\n\t\t<div class=\"elementor-element elementor-element-ac2d09e e-con-full e-flex e-con e-child\" data-id=\"ac2d09e\" data-element_type=\"container\" data-e-type=\"container\">\n\t\t\t\t<div class=\"elementor-element elementor-element-d698dc2 elementor-widget elementor-widget-heading\" data-id=\"d698dc2\" data-element_type=\"widget\" data-e-type=\"widget\" data-widget_type=\"heading.default\">\n\t\t\t\t<div class=\"elementor-widget-container\">\n\t\t\t\t\t<h4 class=\"elementor-heading-title elementor-size-default\">Credentials<\/h4>\t\t\t\t<\/div>\n\t\t\t\t<\/div>\n\t\t\t\t<div class=\"elementor-element elementor-element-116c041 elementor-widget elementor-widget-text-editor\" data-id=\"116c041\" data-element_type=\"widget\" data-e-type=\"widget\" data-widget_type=\"text-editor.default\">\n\t\t\t\t<div class=\"elementor-widget-container\">\n\t\t\t\t\t\t\t\t\t<p>Use the App ID and Token below to set up the integration.<\/p>\t\t\t\t\t\t\t\t<\/div>\n\t\t\t\t<\/div>\n\t\t\t\t<\/div>\n\t\t<div class=\"elementor-element elementor-element-9750c2b e-con-full e-flex e-con e-child\" data-id=\"9750c2b\" data-element_type=\"container\" data-e-type=\"container\">\n\t\t\t\t<div class=\"elementor-element elementor-element-04e7769 elementor-widget elementor-widget-heading\" data-id=\"04e7769\" data-element_type=\"widget\" data-e-type=\"widget\" data-widget_type=\"heading.default\">\n\t\t\t\t<div class=\"elementor-widget-container\">\n\t\t\t\t\t<h4 class=\"elementor-heading-title elementor-size-default\">Getting started<\/h4>\t\t\t\t<\/div>\n\t\t\t\t<\/div>\n\t\t\t\t<div class=\"elementor-element elementor-element-cc9b9cb elementor-widget elementor-widget-text-editor\" data-id=\"cc9b9cb\" data-element_type=\"widget\" data-e-type=\"widget\" data-widget_type=\"text-editor.default\">\n\t\t\t\t<div class=\"elementor-widget-container\">\n\t\t\t\t\t\t\t\t\t<p>Generate API credentials using the \u201cCredentials\u201d section above, then go to InstaPaid to complete setup.<\/p><ol><li>Log in to InstaPaid and tap \u201csettings\u201d under \u201cAccount\u201d<\/li><li>Press Planday<\/li><li>Choose Planday as your registration system<\/li><li>Connect using the Planday-generated credentials<\/li><\/ol><p>If you do not have a login or need help, you can contact your contact person at InstaPaid.<\/p>\t\t\t\t\t\t\t\t<\/div>\n\t\t\t\t<\/div>\n\t\t\t\t<div class=\"elementor-element elementor-element-e521033 elementor-widget elementor-widget-heading\" data-id=\"e521033\" data-element_type=\"widget\" data-e-type=\"widget\" data-widget_type=\"heading.default\">\n\t\t\t\t<div class=\"elementor-widget-container\">\n\t\t\t\t\t<h5 class=\"elementor-heading-title elementor-size-default\">Support<\/h5>\t\t\t\t<\/div>\n\t\t\t\t<\/div>\n\t\t\t\t<div class=\"elementor-element elementor-element-c244d7b elementor-widget elementor-widget-text-editor\" data-id=\"c244d7b\" data-element_type=\"widget\" data-e-type=\"widget\" data-widget_type=\"text-editor.default\">\n\t\t\t\t<div class=\"elementor-widget-container\">\n\t\t\t\t\t\t\t\t\t<p>Website: Link \u2192 <a href=\"https:\/\/instapaid.io\">https:\/\/instapaid.io<\/a><br \/><a href=\"mailto:support@instapaid.io\">support@instapaid.io<\/a><br \/>+45 70603404<\/p>\t\t\t\t\t\t\t\t<\/div>\n\t\t\t\t<\/div>\n\t\t\t\t<\/div>\n\t\t<div class=\"elementor-element elementor-element-931284c e-con-full e-flex e-con e-child\" data-id=\"931284c\" data-element_type=\"container\" data-e-type=\"container\">\n\t\t\t\t<div class=\"elementor-element elementor-element-9c72688 elementor-widget elementor-widget-heading\" data-id=\"9c72688\" data-element_type=\"widget\" data-e-type=\"widget\" data-widget_type=\"heading.default\">\n\t\t\t\t<div class=\"elementor-widget-container\">\n\t\t\t\t\t<h6 class=\"elementor-heading-title elementor-size-default\">GETTING STARTED<\/h6>\t\t\t\t<\/div>\n\t\t\t\t<\/div>\n\t\t\t\t<div class=\"elementor-element elementor-element-fd202ae elementor-widget elementor-widget-heading\" data-id=\"fd202ae\" data-element_type=\"widget\" data-e-type=\"widget\" data-widget_type=\"heading.default\">\n\t\t\t\t<div class=\"elementor-widget-container\">\n\t\t\t\t\t<h3 class=\"elementor-heading-title elementor-size-default\">Integration with InstaPaid.<\/h3>\t\t\t\t<\/div>\n\t\t\t\t<\/div>\n\t\t\t\t<div class=\"elementor-element elementor-element-86df2fc elementor-widget elementor-widget-text-editor\" data-id=\"86df2fc\" data-element_type=\"widget\" data-e-type=\"widget\" data-widget_type=\"text-editor.default\">\n\t\t\t\t<div class=\"elementor-widget-container\">\n\t\t\t\t\t\t\t\t\t<p><br \/><br \/>Log in to InstaPaid and tap \u201csettings\u201d, as seen in the picture. <\/p>\t\t\t\t\t\t\t\t<\/div>\n\t\t\t\t<\/div>\n\t\t\t\t<div class=\"elementor-element elementor-element-21d7267 elementor-widget elementor-widget-image\" data-id=\"21d7267\" data-element_type=\"widget\" data-e-type=\"widget\" data-widget_type=\"image.default\">\n\t\t\t\t<div class=\"elementor-widget-container\">\n\t\t\t\t\t\t\t\t\t\t\t\t\t\t\t<img fetchpriority=\"high\" decoding=\"async\" width=\"1660\" height=\"808\" src=\"https:\/\/instapaid.io\/wp-content\/uploads\/Planday_guide_1_en.png\" class=\"attachment-full size-full wp-image-3310\" alt=\"\" srcset=\"https:\/\/instapaid.io\/wp-content\/uploads\/Planday_guide_1_en.png 1660w, https:\/\/instapaid.io\/wp-content\/uploads\/Planday_guide_1_en-300x146.png 300w, https:\/\/instapaid.io\/wp-content\/uploads\/Planday_guide_1_en-1024x498.png 1024w, https:\/\/instapaid.io\/wp-content\/uploads\/Planday_guide_1_en-768x374.png 768w, https:\/\/instapaid.io\/wp-content\/uploads\/Planday_guide_1_en-1536x748.png 1536w, https:\/\/instapaid.io\/wp-content\/uploads\/Planday_guide_1_en-18x9.png 18w\" sizes=\"(max-width: 1660px) 100vw, 1660px\" \/>\t\t\t\t\t\t\t\t\t\t\t\t\t\t\t<\/div>\n\t\t\t\t<\/div>\n\t\t\t\t<\/div>\n\t\t<div class=\"elementor-element elementor-element-a0e86b5 e-con-full e-flex e-con e-child\" data-id=\"a0e86b5\" data-element_type=\"container\" data-e-type=\"container\">\n\t\t\t\t<div class=\"elementor-element elementor-element-de26526 elementor-widget elementor-widget-text-editor\" data-id=\"de26526\" data-element_type=\"widget\" data-e-type=\"widget\" data-widget_type=\"text-editor.default\">\n\t\t\t\t<div class=\"elementor-widget-container\">\n\t\t\t\t\t\t\t\t\t<p><span style=\"white-space-collapse: preserve;\">Then press the pencil<\/span><\/p>\t\t\t\t\t\t\t\t<\/div>\n\t\t\t\t<\/div>\n\t\t\t\t<div class=\"elementor-element elementor-element-40e9f5a elementor-widget elementor-widget-image\" data-id=\"40e9f5a\" data-element_type=\"widget\" data-e-type=\"widget\" data-widget_type=\"image.default\">\n\t\t\t\t<div class=\"elementor-widget-container\">\n\t\t\t\t\t\t\t\t\t\t\t\t\t\t\t<img decoding=\"async\" width=\"1664\" height=\"828\" src=\"https:\/\/instapaid.io\/wp-content\/uploads\/Planday_guide_2_en.png\" class=\"attachment-full size-full wp-image-3313\" alt=\"\" srcset=\"https:\/\/instapaid.io\/wp-content\/uploads\/Planday_guide_2_en.png 1664w, https:\/\/instapaid.io\/wp-content\/uploads\/Planday_guide_2_en-300x149.png 300w, https:\/\/instapaid.io\/wp-content\/uploads\/Planday_guide_2_en-1024x510.png 1024w, https:\/\/instapaid.io\/wp-content\/uploads\/Planday_guide_2_en-768x382.png 768w, https:\/\/instapaid.io\/wp-content\/uploads\/Planday_guide_2_en-1536x764.png 1536w, https:\/\/instapaid.io\/wp-content\/uploads\/Planday_guide_2_en-18x9.png 18w\" sizes=\"(max-width: 1664px) 100vw, 1664px\" \/>\t\t\t\t\t\t\t\t\t\t\t\t\t\t\t<\/div>\n\t\t\t\t<\/div>\n\t\t\t\t<\/div>\n\t\t<div class=\"elementor-element elementor-element-1da5117 e-con-full e-flex e-con e-child\" data-id=\"1da5117\" data-element_type=\"container\" data-e-type=\"container\">\n\t\t\t\t<div class=\"elementor-element elementor-element-d4b6e2a elementor-widget elementor-widget-text-editor\" data-id=\"d4b6e2a\" data-element_type=\"widget\" data-e-type=\"widget\" data-widget_type=\"text-editor.default\">\n\t\t\t\t<div class=\"elementor-widget-container\">\n\t\t\t\t\t\t\t\t\t<p>The following window pops up. Here you select Planday.<\/p>\t\t\t\t\t\t\t\t<\/div>\n\t\t\t\t<\/div>\n\t\t\t\t<div class=\"elementor-element elementor-element-4f09630 elementor-widget elementor-widget-image\" data-id=\"4f09630\" data-element_type=\"widget\" data-e-type=\"widget\" data-widget_type=\"image.default\">\n\t\t\t\t<div class=\"elementor-widget-container\">\n\t\t\t\t\t\t\t\t\t\t\t\t\t\t\t<img decoding=\"async\" width=\"493\" height=\"711\" src=\"https:\/\/instapaid.io\/wp-content\/uploads\/Planday_guide_3_en.png\" class=\"attachment-full size-full wp-image-3312\" alt=\"\" srcset=\"https:\/\/instapaid.io\/wp-content\/uploads\/Planday_guide_3_en.png 493w, https:\/\/instapaid.io\/wp-content\/uploads\/Planday_guide_3_en-208x300.png 208w, https:\/\/instapaid.io\/wp-content\/uploads\/Planday_guide_3_en-8x12.png 8w\" sizes=\"(max-width: 493px) 100vw, 493px\" \/>\t\t\t\t\t\t\t\t\t\t\t\t\t\t\t<\/div>\n\t\t\t\t<\/div>\n\t\t\t\t<\/div>\n\t\t<div class=\"elementor-element elementor-element-a9929cd e-con-full e-flex e-con e-child\" data-id=\"a9929cd\" data-element_type=\"container\" data-e-type=\"container\">\n\t\t\t\t<div class=\"elementor-element elementor-element-3bbc26b elementor-widget elementor-widget-text-editor\" data-id=\"3bbc26b\" data-element_type=\"widget\" data-e-type=\"widget\" data-widget_type=\"text-editor.default\">\n\t\t\t\t<div class=\"elementor-widget-container\">\n\t\t\t\t\t\t\t\t\t<p><span style=\"white-space-collapse: preserve;\">Then enter your previously generated API credentials.<\/span><\/p>\t\t\t\t\t\t\t\t<\/div>\n\t\t\t\t<\/div>\n\t\t\t\t<div class=\"elementor-element elementor-element-ae2f767 elementor-widget elementor-widget-image\" data-id=\"ae2f767\" data-element_type=\"widget\" data-e-type=\"widget\" data-widget_type=\"image.default\">\n\t\t\t\t<div class=\"elementor-widget-container\">\n\t\t\t\t\t\t\t\t\t\t\t\t\t\t\t<img loading=\"lazy\" decoding=\"async\" width=\"761\" height=\"707\" src=\"https:\/\/instapaid.io\/wp-content\/uploads\/Planday_guide_4_en.png\" class=\"attachment-medium_large size-medium_large wp-image-3311\" alt=\"\" srcset=\"https:\/\/instapaid.io\/wp-content\/uploads\/Planday_guide_4_en.png 761w, https:\/\/instapaid.io\/wp-content\/uploads\/Planday_guide_4_en-300x279.png 300w, https:\/\/instapaid.io\/wp-content\/uploads\/Planday_guide_4_en-13x12.png 13w\" sizes=\"(max-width: 761px) 100vw, 761px\" \/>\t\t\t\t\t\t\t\t\t\t\t\t\t\t\t<\/div>\n\t\t\t\t<\/div>\n\t\t\t\t<\/div>\n\t\t\t\t\t<\/div>\n\t\t\t\t<\/div>\n\t\t\t\t<\/div>","protected":false},"excerpt":{"rendered":"<p>InstaPaid integration &#8211; S\u00e5dan kommer du igang med Planday L\u00e6s denne artikel for at kunne forbinde din Planday konto med InstaPaid InstaPaid er en innovativ platform, der giver medarbejdere mulighed for at f\u00e5 \u00f8jeblikkelig adgang til deres optjente l\u00f8n \u2013 med \u00e9t enkelt swipe. N\u00e5r en vagt afsluttes, opdateres l\u00f8nsaldoen automatisk i appen, hvilket skaber [&hellip;]<\/p>\n","protected":false},"author":4952,"featured_media":0,"parent":0,"menu_order":0,"comment_status":"closed","ping_status":"closed","template":"","meta":{"footnotes":""},"class_list":["post-3309","page","type-page","status-publish","hentry"],"_links":{"self":[{"href":"https:\/\/instapaid.io\/en\/wp-json\/wp\/v2\/pages\/3309","targetHints":{"allow":["GET"]}}],"collection":[{"href":"https:\/\/instapaid.io\/en\/wp-json\/wp\/v2\/pages"}],"about":[{"href":"https:\/\/instapaid.io\/en\/wp-json\/wp\/v2\/types\/page"}],"author":[{"embeddable":true,"href":"https:\/\/instapaid.io\/en\/wp-json\/wp\/v2\/users\/4952"}],"replies":[{"embeddable":true,"href":"https:\/\/instapaid.io\/en\/wp-json\/wp\/v2\/comments?post=3309"}],"version-history":[{"count":12,"href":"https:\/\/instapaid.io\/en\/wp-json\/wp\/v2\/pages\/3309\/revisions"}],"predecessor-version":[{"id":3327,"href":"https:\/\/instapaid.io\/en\/wp-json\/wp\/v2\/pages\/3309\/revisions\/3327"}],"wp:attachment":[{"href":"https:\/\/instapaid.io\/en\/wp-json\/wp\/v2\/media?parent=3309"}],"curies":[{"name":"wp","href":"https:\/\/api.w.org\/{rel}","templated":true}]}}