{"id":963,"date":"2024-01-07T15:18:04","date_gmt":"2024-01-07T14:18:04","guid":{"rendered":"https:\/\/instapaid.io\/?page_id=963"},"modified":"2026-04-13T09:54:08","modified_gmt":"2026-04-13T08:54:08","slug":"sign-up","status":"publish","type":"page","link":"https:\/\/instapaid.io\/en\/sign-up\/","title":{"rendered":"Sign up"},"content":{"rendered":"\t\t<div data-elementor-type=\"wp-page\" data-elementor-id=\"963\" class=\"elementor elementor-963\" data-elementor-post-type=\"page\">\n\t\t\t\t\t\t<div class=\"elementor-section elementor-top-section elementor-element elementor-element-4d72530 elementor-section-boxed elementor-section-height-default elementor-section-height-default\" data-id=\"4d72530\" data-element_type=\"section\" data-e-type=\"section\" data-settings=\"{&quot;background_background&quot;:&quot;classic&quot;}\">\n\t\t\t\t\t\t<div class=\"elementor-container elementor-column-gap-default\">\n\t\t\t\t\t<div class=\"elementor-column elementor-col-50 elementor-top-column elementor-element elementor-element-52af995\" data-id=\"52af995\" data-element_type=\"column\" data-e-type=\"column\">\n\t\t\t<div class=\"elementor-widget-wrap elementor-element-populated\">\n\t\t\t\t\t\t<div class=\"elementor-element elementor-element-5282e29 elementor-widget elementor-widget-heading\" data-id=\"5282e29\" data-element_type=\"widget\" data-e-type=\"widget\" data-widget_type=\"heading.default\">\n\t\t\t\t<div class=\"elementor-widget-container\">\n\t\t\t\t\t<h1 class=\"elementor-heading-title elementor-size-default\">Kom igang med InstaPaid<\/h1>\t\t\t\t<\/div>\n\t\t\t\t<\/div>\n\t\t\t\t\t<\/div>\n\t\t<\/div>\n\t\t\t\t<div class=\"elementor-column elementor-col-50 elementor-top-column elementor-element elementor-element-92080b8 elementor-invisible\" data-id=\"92080b8\" data-element_type=\"column\" data-e-type=\"column\" data-settings=\"{&quot;animation&quot;:&quot;fadeInUp&quot;}\">\n\t\t\t<div class=\"elementor-widget-wrap\">\n\t\t\t\t\t\t\t<\/div>\n\t\t<\/div>\n\t\t\t\t\t<\/div>\n\t\t<\/div>\n\t\t<div class=\"elementor-element elementor-element-1cfd0ff e-flex e-con-boxed e-con e-parent\" data-id=\"1cfd0ff\" data-element_type=\"container\" data-e-type=\"container\">\n\t\t\t\t\t<div class=\"e-con-inner\">\n\t\t\t\t<div class=\"elementor-element elementor-element-1c947a4 elementor-widget elementor-widget-text-editor\" data-id=\"1c947a4\" data-element_type=\"widget\" data-e-type=\"widget\" data-widget_type=\"text-editor.default\">\n\t\t\t\t<div class=\"elementor-widget-container\">\n\t\t\t\t\t\t\t\t\t<h5>Er I interesseret i at h\u00f8re mere om vores l\u00f8sninger? Udfyld formularen, s\u00e5 tager vi en uforpligtende snak om, hvordan I styrker jeres forretning.<\/h5><p>Er du medarbejder og har et sp\u00f8rgsm\u00e5l til InstaPaid, s\u00e5 kan du se vores <a href=\"https:\/\/instapaid.io\/medarbejder\/\">Sp\u00f8rgsm\u00e5l og svar eller skrive til InstaPaid support<\/a>.<\/p>\t\t\t\t\t\t\t\t<\/div>\n\t\t\t\t<\/div>\n\t\t\t\t\t<\/div>\n\t\t\t\t<\/div>\n\t\t\t\t<section class=\"elementor-section elementor-top-section elementor-element elementor-element-3a20c44 elementor-section-boxed elementor-section-height-default elementor-section-height-default\" data-id=\"3a20c44\" data-element_type=\"section\" data-e-type=\"section\">\n\t\t\t\t\t\t\t<div class=\"elementor-background-overlay\"><\/div>\n\t\t\t\t\t\t\t<div class=\"elementor-container elementor-column-gap-no\">\n\t\t\t\t\t<div class=\"elementor-column elementor-col-50 elementor-top-column elementor-element elementor-element-a1b758a\" data-id=\"a1b758a\" data-element_type=\"column\" data-e-type=\"column\" data-settings=\"{&quot;background_background&quot;:&quot;classic&quot;}\">\n\t\t\t<div class=\"elementor-widget-wrap elementor-element-populated\">\n\t\t\t\t\t\t<div class=\"elementor-element elementor-element-443f5bb elementor-button-align-start sign-up-form elementor-widget elementor-widget-form\" data-id=\"443f5bb\" data-element_type=\"widget\" data-e-type=\"widget\" data-settings=\"{&quot;step_next_label&quot;:&quot;Next&quot;,&quot;step_previous_label&quot;:&quot;Previous&quot;,&quot;button_width&quot;:&quot;100&quot;,&quot;step_type&quot;:&quot;number_text&quot;,&quot;step_icon_shape&quot;:&quot;circle&quot;}\" data-widget_type=\"form.default\">\n\t\t\t\t<div class=\"elementor-widget-container\">\n\t\t\t\t\t\t\t<form class=\"elementor-form\" method=\"post\" id=\"sign_up_form\" name=\"Sign Up\" aria-label=\"Sign Up\">\n\t\t\t<input type=\"hidden\" name=\"post_id\" value=\"963\"\/>\n\t\t\t<input type=\"hidden\" name=\"form_id\" value=\"443f5bb\"\/>\n\t\t\t<input type=\"hidden\" name=\"referer_title\" value=\"\" \/>\n\n\t\t\t\n\t\t\t<div class=\"elementor-form-fields-wrapper elementor-labels-\">\n\t\t\t\t\t\t\t\t<div class=\"elementor-field-type-text elementor-field-group elementor-column elementor-field-group-name elementor-col-100 elementor-field-required\">\n\t\t\t\t\t\t\t\t\t\t\t\t<label for=\"form-field-name\" class=\"elementor-field-label elementor-screen-only\">\n\t\t\t\t\t\t\t\tNavn\t\t\t\t\t\t\t<\/label>\n\t\t\t\t\t\t\t\t\t\t\t\t\t\t<input size=\"1\" type=\"text\" name=\"form_fields[name]\" id=\"form-field-name\" class=\"elementor-field elementor-size-md  elementor-field-textual\" placeholder=\"Navn\" required=\"required\">\n\t\t\t\t\t\t\t\t\t\t\t<\/div>\n\t\t\t\t\t\t\t\t<div class=\"elementor-field-type-text elementor-field-group elementor-column elementor-field-group-field_9e8f06d elementor-col-100 elementor-field-required\">\n\t\t\t\t\t\t\t\t\t\t\t\t<label for=\"form-field-field_9e8f06d\" class=\"elementor-field-label elementor-screen-only\">\n\t\t\t\t\t\t\t\tVirksomhed\t\t\t\t\t\t\t<\/label>\n\t\t\t\t\t\t\t\t\t\t\t\t\t\t<input size=\"1\" type=\"text\" name=\"form_fields[field_9e8f06d]\" id=\"form-field-field_9e8f06d\" class=\"elementor-field elementor-size-md  elementor-field-textual\" placeholder=\"Virksomhed\" required=\"required\">\n\t\t\t\t\t\t\t\t\t\t\t<\/div>\n\t\t\t\t\t\t\t\t<div class=\"elementor-field-type-email elementor-field-group elementor-column elementor-field-group-email elementor-col-100 elementor-field-required\">\n\t\t\t\t\t\t\t\t\t\t\t\t<label for=\"form-field-email\" class=\"elementor-field-label elementor-screen-only\">\n\t\t\t\t\t\t\t\tEmail\t\t\t\t\t\t\t<\/label>\n\t\t\t\t\t\t\t\t\t\t\t\t\t\t<input size=\"1\" type=\"email\" name=\"form_fields[email]\" id=\"form-field-email\" class=\"elementor-field elementor-size-md  elementor-field-textual\" placeholder=\"Email\" required=\"required\">\n\t\t\t\t\t\t\t\t\t\t\t<\/div>\n\t\t\t\t\t\t\t\t<div class=\"elementor-field-type-tel elementor-field-group elementor-column elementor-field-group-phone elementor-col-100 elementor-sm-100 elementor-field-required\">\n\t\t\t\t\t\t\t\t\t\t\t\t<label for=\"form-field-phone\" class=\"elementor-field-label elementor-screen-only\">\n\t\t\t\t\t\t\t\tPhone\t\t\t\t\t\t\t<\/label>\n\t\t\t\t\t\t\t\t<input size=\"1\" type=\"tel\" name=\"form_fields[phone]\" id=\"form-field-phone\" class=\"elementor-field elementor-size-md  elementor-field-textual\" placeholder=\"Telefonnummer\" required=\"required\" pattern=\"[0-9()#&amp;+*-=.]+\" title=\"Only numbers and phone characters (#, -, *, etc) are accepted.\">\n\n\t\t\t\t\t\t<\/div>\n\t\t\t\t\t\t\t\t<div class=\"elementor-field-type-textarea elementor-field-group elementor-column elementor-field-group-field_deb2f9f elementor-col-100\">\n\t\t\t\t\t\t\t\t\t\t\t\t<label for=\"form-field-field_deb2f9f\" class=\"elementor-field-label elementor-screen-only\">\n\t\t\t\t\t\t\t\tBesked\t\t\t\t\t\t\t<\/label>\n\t\t\t\t\t\t<textarea class=\"elementor-field-textual elementor-field  elementor-size-md\" name=\"form_fields[field_deb2f9f]\" id=\"form-field-field_deb2f9f\" rows=\"4\" placeholder=\"Besked\"><\/textarea>\t\t\t\t<\/div>\n\t\t\t\t\t\t\t\t<div class=\"elementor-field-type-text\">\n\t\t\t\t\t<input size=\"1\" type=\"text\" name=\"form_fields[field_4c5092a]\" id=\"form-field-field_4c5092a\" class=\"elementor-field elementor-size-md \" style=\"display:none !important;\">\t\t\t\t<\/div>\n\t\t\t\t\t\t\t\t<div class=\"elementor-field-type-html elementor-field-group elementor-column elementor-field-group-field_b72bfe1 elementor-col-100\">\n\t\t\t\t\tHvad er jeres nuv\u00e6rende l\u00f8n og planl\u00e6gningssystem?\t\t\t\t<\/div>\n\t\t\t\t\t\t\t\t<div class=\"elementor-field-type-select elementor-field-group elementor-column elementor-field-group-field_c9140fb elementor-col-100 elementor-field-required\">\n\t\t\t\t\t\t\t\t\t\t\t\t<label for=\"form-field-field_c9140fb\" class=\"elementor-field-label elementor-screen-only\">\n\t\t\t\t\t\t\t\tl\u00f8nsystem\t\t\t\t\t\t\t<\/label>\n\t\t\t\t\t\t\t\t<div class=\"elementor-field elementor-select-wrapper remove-before \">\n\t\t\t<div class=\"select-caret-down-wrapper\">\n\t\t\t\t<i aria-hidden=\"true\" class=\"eicon-caret-down\"><\/i>\t\t\t<\/div>\n\t\t\t<select name=\"form_fields[field_c9140fb]\" id=\"form-field-field_c9140fb\" class=\"elementor-field-textual elementor-size-md\" required=\"required\">\n\t\t\t\t\t\t\t\t\t<option value=\" V\u00e6lg l\u00f8nsystem\">V\u00e6lg l\u00f8nsystem <\/option>\n\t\t\t\t\t\t\t\t\t<option value=\" Intect\">Intect <\/option>\n\t\t\t\t\t\t\t\t\t<option value=\" Prol\u00f8n\">Prol\u00f8n <\/option>\n\t\t\t\t\t\t\t\t\t<option value=\" Visma\">Visma <\/option>\n\t\t\t\t\t\t\t\t\t<option value=\" Zenegy\">Zenegy <\/option>\n\t\t\t\t\t\t\t\t\t<option value=\" Lessor \">Lessor <\/option>\n\t\t\t\t\t\t\t\t\t<option value=\" EPOS\">EPOS <\/option>\n\t\t\t\t\t\t\t\t\t<option value=\" Salary.dk\">Salary.dk <\/option>\n\t\t\t\t\t\t\t\t\t<option value=\"Andet\">Andet<\/option>\n\t\t\t\t\t\t\t<\/select>\n\t\t<\/div>\n\t\t\t\t\t\t<\/div>\n\t\t\t\t\t\t\t\t<div class=\"elementor-field-type-select elementor-field-group elementor-column elementor-field-group-field_1cb03f9 elementor-col-100 elementor-field-required\">\n\t\t\t\t\t\t\t\t\t\t\t\t<label for=\"form-field-field_1cb03f9\" class=\"elementor-field-label elementor-screen-only\">\n\t\t\t\t\t\t\t\ttimeregistreringssystem\t\t\t\t\t\t\t<\/label>\n\t\t\t\t\t\t\t\t<div class=\"elementor-field elementor-select-wrapper remove-before \">\n\t\t\t<div class=\"select-caret-down-wrapper\">\n\t\t\t\t<i aria-hidden=\"true\" class=\"eicon-caret-down\"><\/i>\t\t\t<\/div>\n\t\t\t<select name=\"form_fields[field_1cb03f9]\" id=\"form-field-field_1cb03f9\" class=\"elementor-field-textual elementor-size-md\" required=\"required\">\n\t\t\t\t\t\t\t\t\t<option value=\"V\u00e6lg timeregistreringssystem\">V\u00e6lg timeregistreringssystem<\/option>\n\t\t\t\t\t\t\t\t\t<option value=\"Planday\">Planday<\/option>\n\t\t\t\t\t\t\t\t\t<option value=\"TimePlan \">TimePlan <\/option>\n\t\t\t\t\t\t\t\t\t<option value=\"Intempus \">Intempus <\/option>\n\t\t\t\t\t\t\t\t\t<option value=\"Lessor\">Lessor<\/option>\n\t\t\t\t\t\t\t\t\t<option value=\"Timelog\">Timelog<\/option>\n\t\t\t\t\t\t\t\t\t<option value=\"Andet\">Andet<\/option>\n\t\t\t\t\t\t\t<\/select>\n\t\t<\/div>\n\t\t\t\t\t\t<\/div>\n\t\t\t\t\t\t\t\t<div class=\"elementor-field-type-html elementor-field-group elementor-column elementor-field-group-field_3d2c652 elementor-col-100\">\n\t\t\t\t\tDit privatliv og sikkerhed er vigtigt for os. L\u00e6s mere under vores <a href=\"https:\/\/instapaid.io\/privacy-policy\/\">privatlivspolitik<\/a>.\t\t\t\t<\/div>\n\t\t\t\t\t\t\t\t<div class=\"elementor-field-group elementor-column elementor-field-type-submit elementor-col-100 e-form__buttons\">\n\t\t\t\t\t<button class=\"elementor-button elementor-size-md\" type=\"submit\" id=\"sign-up-2\">\n\t\t\t\t\t\t<span class=\"elementor-button-content-wrapper\">\n\t\t\t\t\t\t\t\t\t\t\t\t\t\t\t\t\t\t\t\t\t\t<span class=\"elementor-button-text\">Send<\/span>\n\t\t\t\t\t\t\t\t\t\t\t\t\t<\/span>\n\t\t\t\t\t<\/button>\n\t\t\t\t<\/div>\n\t\t\t<\/div>\n\t\t<\/form>\n\t\t\t\t\t\t<\/div>\n\t\t\t\t<\/div>\n\t\t\t\t\t<\/div>\n\t\t<\/div>\n\t\t\t\t<div class=\"elementor-column elementor-col-50 elementor-top-column elementor-element elementor-element-374d1fa\" data-id=\"374d1fa\" data-element_type=\"column\" data-e-type=\"column\" data-settings=\"{&quot;background_background&quot;:&quot;classic&quot;}\">\n\t\t\t<div class=\"elementor-widget-wrap elementor-element-populated\">\n\t\t\t\t\t\t<div class=\"elementor-element elementor-element-b775f2b elementor-widget elementor-widget-image\" data-id=\"b775f2b\" data-element_type=\"widget\" data-e-type=\"widget\" data-widget_type=\"image.default\">\n\t\t\t\t<div class=\"elementor-widget-container\">\n\t\t\t\t\t\t\t\t\t\t\t\t\t\t\t<img fetchpriority=\"high\" decoding=\"async\" width=\"800\" height=\"1000\" src=\"https:\/\/instapaid.io\/wp-content\/uploads\/2024\/02\/Getdemo-819x1024.png\" class=\"attachment-large size-large wp-image-1913\" alt=\"\" srcset=\"https:\/\/instapaid.io\/wp-content\/uploads\/2024\/02\/Getdemo-819x1024.png 819w, https:\/\/instapaid.io\/wp-content\/uploads\/2024\/02\/Getdemo-240x300.png 240w, https:\/\/instapaid.io\/wp-content\/uploads\/2024\/02\/Getdemo-768x961.png 768w, https:\/\/instapaid.io\/wp-content\/uploads\/2024\/02\/Getdemo-1228x1536.png 1228w, https:\/\/instapaid.io\/wp-content\/uploads\/2024\/02\/Getdemo-10x12.png 10w, https:\/\/instapaid.io\/wp-content\/uploads\/2024\/02\/Getdemo.png 1587w\" sizes=\"(max-width: 800px) 100vw, 800px\" \/>\t\t\t\t\t\t\t\t\t\t\t\t\t\t\t<\/div>\n\t\t\t\t<\/div>\n\t\t\t\t\t<\/div>\n\t\t<\/div>\n\t\t\t\t\t<\/div>\n\t\t<\/section>\n\t\t\t\t<\/div>\n\t\t","protected":false},"excerpt":{"rendered":"<p>Kom igang med InstaPaid Er I interesseret i at h\u00f8re mere om vores l\u00f8sninger? Udfyld formularen, s\u00e5 tager vi en uforpligtende snak om, hvordan I styrker jeres forretning. Er du medarbejder og har et sp\u00f8rgsm\u00e5l til InstaPaid, s\u00e5 kan du se vores Sp\u00f8rgsm\u00e5l og svar eller skrive til InstaPaid support.<\/p>","protected":false},"author":4952,"featured_media":0,"parent":0,"menu_order":5,"comment_status":"closed","ping_status":"closed","template":"","meta":{"footnotes":""},"class_list":["post-963","page","type-page","status-publish","hentry"],"_links":{"self":[{"href":"https:\/\/instapaid.io\/en\/wp-json\/wp\/v2\/pages\/963","targetHints":{"allow":["GET"]}}],"collection":[{"href":"https:\/\/instapaid.io\/en\/wp-json\/wp\/v2\/pages"}],"about":[{"href":"https:\/\/instapaid.io\/en\/wp-json\/wp\/v2\/types\/page"}],"author":[{"embeddable":true,"href":"https:\/\/instapaid.io\/en\/wp-json\/wp\/v2\/users\/4952"}],"replies":[{"embeddable":true,"href":"https:\/\/instapaid.io\/en\/wp-json\/wp\/v2\/comments?post=963"}],"version-history":[{"count":25,"href":"https:\/\/instapaid.io\/en\/wp-json\/wp\/v2\/pages\/963\/revisions"}],"predecessor-version":[{"id":4278,"href":"https:\/\/instapaid.io\/en\/wp-json\/wp\/v2\/pages\/963\/revisions\/4278"}],"wp:attachment":[{"href":"https:\/\/instapaid.io\/en\/wp-json\/wp\/v2\/media?parent=963"}],"curies":[{"name":"wp","href":"https:\/\/api.w.org\/{rel}","templated":true}]}}